{"id":26,"date":"2025-04-24T10:55:39","date_gmt":"2025-04-24T08:55:39","guid":{"rendered":"https:\/\/spinoff.unint.eu\/index.php\/algomind-ai\/"},"modified":"2025-10-15T15:20:46","modified_gmt":"2025-10-15T13:20:46","slug":"algomind-ai","status":"publish","type":"page","link":"https:\/\/spinoff.unint.eu\/","title":{"rendered":"AlgoMind AI"},"content":{"rendered":"\t\t<div data-elementor-type=\"wp-page\" data-elementor-id=\"26\" class=\"elementor elementor-26\">\n\t\t\t\t\t\t<section class=\"elementor-section elementor-top-section elementor-element elementor-element-4730d91 elementor-section-full_width elementor-section-height-default elementor-section-height-default\" data-id=\"4730d91\" data-element_type=\"section\" id=\"hero-section\">\n\t\t\t\t\t\t<div class=\"elementor-container elementor-column-gap-no\">\n\t\t\t\t\t<div class=\"elementor-column elementor-col-100 elementor-top-column elementor-element elementor-element-b5b643b\" data-id=\"b5b643b\" data-element_type=\"column\" data-settings=\"{&quot;background_background&quot;:&quot;classic&quot;}\">\n\t\t\t<div class=\"elementor-widget-wrap elementor-element-populated\">\n\t\t\t\t\t\t<section class=\"elementor-section elementor-inner-section elementor-element elementor-element-5a1d4d6 elementor-section-boxed elementor-section-height-default elementor-section-height-default\" data-id=\"5a1d4d6\" data-element_type=\"section\">\n\t\t\t\t\t\t<div class=\"elementor-container elementor-column-gap-no\">\n\t\t\t\t\t<div class=\"elementor-column elementor-col-100 elementor-inner-column elementor-element elementor-element-c18ad2c\" data-id=\"c18ad2c\" data-element_type=\"column\">\n\t\t\t<div class=\"elementor-widget-wrap elementor-element-populated\">\n\t\t\t\t\t\t<div class=\"elementor-element elementor-element-eb2dcfe elementor-widget elementor-widget-heading\" data-id=\"eb2dcfe\" data-element_type=\"widget\" data-widget_type=\"heading.default\">\n\t\t\t\t<div class=\"elementor-widget-container\">\n\t\t\t\t\t<h2 class=\"elementor-heading-title elementor-size-default\">Start-up e spin-off<\/h2>\t\t\t\t<\/div>\n\t\t\t\t<\/div>\n\t\t\t\t\t<\/div>\n\t\t<\/div>\n\t\t\t\t\t<\/div>\n\t\t<\/section>\n\t\t\t\t\t<\/div>\n\t\t<\/div>\n\t\t\t\t\t<\/div>\n\t\t<\/section>\n\t\t\t\t<section class=\"elementor-section elementor-top-section elementor-element elementor-element-b6dd8b0 elementor-section-boxed elementor-section-height-default elementor-section-height-default\" data-id=\"b6dd8b0\" data-element_type=\"section\" id=\"features-section\">\n\t\t\t\t\t\t<div class=\"elementor-container elementor-column-gap-no\">\n\t\t\t\t\t<div class=\"elementor-column elementor-col-100 elementor-top-column elementor-element elementor-element-27358de\" data-id=\"27358de\" data-element_type=\"column\">\n\t\t\t<div class=\"elementor-widget-wrap elementor-element-populated\">\n\t\t\t\t\t\t<section class=\"elementor-section elementor-inner-section elementor-element elementor-element-e8cfd6a elementor-section-full_width elementor-section-height-default elementor-section-height-default\" data-id=\"e8cfd6a\" data-element_type=\"section\">\n\t\t\t\t\t\t<div class=\"elementor-container elementor-column-gap-no\">\n\t\t\t\t\t<div class=\"elementor-column elementor-col-50 elementor-inner-column elementor-element elementor-element-c43d394\" data-id=\"c43d394\" data-element_type=\"column\">\n\t\t\t<div class=\"elementor-widget-wrap elementor-element-populated\">\n\t\t\t\t\t\t<div class=\"elementor-element elementor-element-7697a14 eael-infobox-icon-bg-shape-circle elementor-widget__width-auto eael-infobox-icon-hover-bg-shape-none elementor-invisible elementor-widget elementor-widget-eael-info-box\" data-id=\"7697a14\" data-element_type=\"widget\" data-settings=\"{&quot;_animation&quot;:&quot;zoomIn&quot;}\" data-widget_type=\"eael-info-box.default\">\n\t\t\t\t<div class=\"elementor-widget-container\">\n\t\t\t\t\t        <div class=\"eael-infobox icon-on-left\">\n\t            <div class=\"infobox-icon\">\n\n            \n            \n                            <div class=\"infobox-icon-wrap\">\n                    <span class=\"infobox-icon-number\">01<\/span>\n                <\/div>\n            \n        <\/div>\n            <div class=\"infobox-content\">\n                    <div class=\"infobox-title-section\">\n                <h2 class=\"title\">imprenditorialit\u00e0<\/h2>            <\/div>\n                    <\/div>\n            <\/div>\n\n\t\t\t\t\t\t<\/div>\n\t\t\t\t<\/div>\n\t\t\t\t<div class=\"elementor-element elementor-element-f73049e elementor-widget__width-initial elementor-widget elementor-widget-spacer\" data-id=\"f73049e\" data-element_type=\"widget\" data-widget_type=\"spacer.default\">\n\t\t\t\t<div class=\"elementor-widget-container\">\n\t\t\t\t\t\t\t<div class=\"elementor-spacer\">\n\t\t\t<div class=\"elementor-spacer-inner\"><\/div>\n\t\t<\/div>\n\t\t\t\t\t\t<\/div>\n\t\t\t\t<\/div>\n\t\t\t\t<div class=\"elementor-element elementor-element-5ebac08 elementor-widget elementor-widget-spacer\" data-id=\"5ebac08\" data-element_type=\"widget\" data-widget_type=\"spacer.default\">\n\t\t\t\t<div class=\"elementor-widget-container\">\n\t\t\t\t\t\t\t<div class=\"elementor-spacer\">\n\t\t\t<div class=\"elementor-spacer-inner\"><\/div>\n\t\t<\/div>\n\t\t\t\t\t\t<\/div>\n\t\t\t\t<\/div>\n\t\t\t\t<div class=\"elementor-element elementor-element-c87383b eael-infobox-icon-bg-shape-circle elementor-widget__width-auto eael-infobox-icon-hover-bg-shape-none elementor-invisible elementor-widget elementor-widget-eael-info-box\" data-id=\"c87383b\" data-element_type=\"widget\" data-settings=\"{&quot;_animation&quot;:&quot;zoomIn&quot;}\" data-widget_type=\"eael-info-box.default\">\n\t\t\t\t<div class=\"elementor-widget-container\">\n\t\t\t\t\t        <div class=\"eael-infobox icon-on-left\">\n\t            <div class=\"infobox-icon\">\n\n            \n            \n                            <div class=\"infobox-icon-wrap\">\n                    <span class=\"infobox-icon-number\">02<\/span>\n                <\/div>\n            \n        <\/div>\n            <div class=\"infobox-content\">\n                    <div class=\"infobox-title-section\">\n                <h2 class=\"title\">proposte innovative<\/h2>            <\/div>\n                    <\/div>\n            <\/div>\n\n\t\t\t\t\t\t<\/div>\n\t\t\t\t<\/div>\n\t\t\t\t\t<\/div>\n\t\t<\/div>\n\t\t\t\t<div class=\"elementor-column elementor-col-50 elementor-inner-column elementor-element elementor-element-d798ddd\" data-id=\"d798ddd\" data-element_type=\"column\">\n\t\t\t<div class=\"elementor-widget-wrap\">\n\t\t\t\t\t\t\t<\/div>\n\t\t<\/div>\n\t\t\t\t\t<\/div>\n\t\t<\/section>\n\t\t\t\t<div class=\"elementor-element elementor-element-da242a8 elementor-invisible elementor-widget elementor-widget-heading\" data-id=\"da242a8\" data-element_type=\"widget\" data-settings=\"{&quot;_animation&quot;:&quot;fadeInRight&quot;}\" data-widget_type=\"heading.default\">\n\t\t\t\t<div class=\"elementor-widget-container\">\n\t\t\t\t\t<h2 class=\"elementor-heading-title elementor-size-default\">UNIMPRESA<\/h2>\t\t\t\t<\/div>\n\t\t\t\t<\/div>\n\t\t\t\t<section class=\"elementor-section elementor-inner-section elementor-element elementor-element-829367e elementor-section-full_width elementor-section-height-default elementor-section-height-default\" data-id=\"829367e\" data-element_type=\"section\">\n\t\t\t\t\t\t<div class=\"elementor-container elementor-column-gap-no\">\n\t\t\t\t\t<div class=\"elementor-column elementor-col-50 elementor-inner-column elementor-element elementor-element-29b9815\" data-id=\"29b9815\" data-element_type=\"column\">\n\t\t\t<div class=\"elementor-widget-wrap\">\n\t\t\t\t\t\t\t<\/div>\n\t\t<\/div>\n\t\t\t\t<div class=\"elementor-column elementor-col-50 elementor-inner-column elementor-element elementor-element-010c819\" data-id=\"010c819\" data-element_type=\"column\">\n\t\t\t<div class=\"elementor-widget-wrap elementor-element-populated\">\n\t\t\t\t\t\t<div class=\"elementor-element elementor-element-f4a1ccb elementor-widget__width-initial elementor-widget elementor-widget-spacer\" data-id=\"f4a1ccb\" data-element_type=\"widget\" data-widget_type=\"spacer.default\">\n\t\t\t\t<div class=\"elementor-widget-container\">\n\t\t\t\t\t\t\t<div class=\"elementor-spacer\">\n\t\t\t<div class=\"elementor-spacer-inner\"><\/div>\n\t\t<\/div>\n\t\t\t\t\t\t<\/div>\n\t\t\t\t<\/div>\n\t\t\t\t<div class=\"elementor-element elementor-element-aaa18e5 eael-infobox-icon-bg-shape-circle elementor-widget__width-auto eael-infobox-icon-hover-bg-shape-none elementor-invisible elementor-widget elementor-widget-eael-info-box\" data-id=\"aaa18e5\" data-element_type=\"widget\" data-settings=\"{&quot;_animation&quot;:&quot;zoomIn&quot;}\" data-widget_type=\"eael-info-box.default\">\n\t\t\t\t<div class=\"elementor-widget-container\">\n\t\t\t\t\t        <div class=\"eael-infobox icon-on-left\">\n\t            <div class=\"infobox-icon\">\n\n            \n            \n                            <div class=\"infobox-icon-wrap\">\n                    <span class=\"infobox-icon-number\">03<\/span>\n                <\/div>\n            \n        <\/div>\n            <div class=\"infobox-content\">\n                    <div class=\"infobox-title-section\">\n                <h2 class=\"title\">impatto economico e sociale<\/h2>            <\/div>\n                    <\/div>\n            <\/div>\n\n\t\t\t\t\t\t<\/div>\n\t\t\t\t<\/div>\n\t\t\t\t<div class=\"elementor-element elementor-element-e4d55f7 elementor-widget elementor-widget-spacer\" data-id=\"e4d55f7\" data-element_type=\"widget\" data-widget_type=\"spacer.default\">\n\t\t\t\t<div class=\"elementor-widget-container\">\n\t\t\t\t\t\t\t<div class=\"elementor-spacer\">\n\t\t\t<div class=\"elementor-spacer-inner\"><\/div>\n\t\t<\/div>\n\t\t\t\t\t\t<\/div>\n\t\t\t\t<\/div>\n\t\t\t\t<div class=\"elementor-element elementor-element-887434c eael-infobox-icon-bg-shape-circle elementor-widget__width-auto eael-infobox-icon-hover-bg-shape-none elementor-invisible elementor-widget elementor-widget-eael-info-box\" data-id=\"887434c\" data-element_type=\"widget\" data-settings=\"{&quot;_animation&quot;:&quot;zoomIn&quot;}\" data-widget_type=\"eael-info-box.default\">\n\t\t\t\t<div class=\"elementor-widget-container\">\n\t\t\t\t\t        <div class=\"eael-infobox icon-on-left\">\n\t            <div class=\"infobox-icon\">\n\n            \n            \n                            <div class=\"infobox-icon-wrap\">\n                    <span class=\"infobox-icon-number\">04<\/span>\n                <\/div>\n            \n        <\/div>\n            <div class=\"infobox-content\">\n                    <div class=\"infobox-title-section\">\n                <h2 class=\"title\">sviluppo sostenibile<\/h2>            <\/div>\n                    <\/div>\n            <\/div>\n\n\t\t\t\t\t\t<\/div>\n\t\t\t\t<\/div>\n\t\t\t\t\t<\/div>\n\t\t<\/div>\n\t\t\t\t\t<\/div>\n\t\t<\/section>\n\t\t\t\t\t<\/div>\n\t\t<\/div>\n\t\t\t\t\t<\/div>\n\t\t<\/section>\n\t\t\t\t<section class=\"elementor-section elementor-top-section elementor-element elementor-element-d0d31e9 elementor-section-full_width elementor-section-height-default elementor-section-height-default\" data-id=\"d0d31e9\" data-element_type=\"section\" id=\"how-it-works\">\n\t\t\t\t\t\t<div class=\"elementor-container elementor-column-gap-no\">\n\t\t\t\t\t<div class=\"elementor-column elementor-col-100 elementor-top-column elementor-element elementor-element-1db9f39\" data-id=\"1db9f39\" data-element_type=\"column\" data-settings=\"{&quot;background_background&quot;:&quot;classic&quot;}\">\n\t\t\t<div class=\"elementor-widget-wrap elementor-element-populated\">\n\t\t\t\t\t\t<section class=\"elementor-section elementor-inner-section elementor-element elementor-element-c0d590a elementor-section-boxed elementor-section-height-default elementor-section-height-default\" data-id=\"c0d590a\" data-element_type=\"section\">\n\t\t\t\t\t\t<div class=\"elementor-container elementor-column-gap-no\">\n\t\t\t\t\t<div class=\"elementor-column elementor-col-100 elementor-inner-column elementor-element elementor-element-e8b7116\" data-id=\"e8b7116\" data-element_type=\"column\">\n\t\t\t<div class=\"elementor-widget-wrap elementor-element-populated\">\n\t\t\t\t\t\t<div class=\"elementor-element elementor-element-06d2958 elementor-invisible elementor-widget elementor-widget-eael-adv-tabs\" data-id=\"06d2958\" data-element_type=\"widget\" data-settings=\"{&quot;_animation&quot;:&quot;fadeInUp&quot;}\" data-widget_type=\"eael-adv-tabs.default\">\n\t\t\t\t<div class=\"elementor-widget-container\">\n\t\t\t\t\t        <div data-scroll-on-click=\"no\" data-scroll-speed=\"300\" id=\"eael-advance-tabs-06d2958\" class=\"eael-advance-tabs eael-tabs-vertical eael-tab-auto-active  active-caret-on\" data-tabid=\"06d2958\">\n            <div class=\"eael-tabs-nav\">\n                <ul class=\"\" role=\"tablist\">\n                                            <li id=\"cos-unimpresa\" class=\"inactive eael-tab-item-trigger eael-tab-nav-item\" aria-selected=\"true\" data-tab=\"1\" role=\"tab\" tabindex=\"0\" aria-controls=\"cos-unimpresa-tab\" aria-expanded=\"false\">\n                            \n                            \n                            \n                                                            <span class=\"eael-tab-title title-after-icon\" >Cos&#8217;\u00e8 UNIMPRESA<\/span>                                                    <\/li>\n                                            <li id=\"a-chi-rivolto\" class=\"inactive eael-tab-item-trigger eael-tab-nav-item\" aria-selected=\"false\" data-tab=\"2\" role=\"tab\" tabindex=\"-1\" aria-controls=\"a-chi-rivolto-tab\" aria-expanded=\"false\">\n                            \n                            \n                            \n                                                            <span class=\"eael-tab-title title-after-icon\" >A chi \u00e8 rivolto<\/span>                                                    <\/li>\n                                            <li id=\"a-cosa-serve\" class=\"inactive eael-tab-item-trigger eael-tab-nav-item\" aria-selected=\"false\" data-tab=\"3\" role=\"tab\" tabindex=\"-1\" aria-controls=\"a-cosa-serve-tab\" aria-expanded=\"false\">\n                            \n                            \n                            \n                                                            <span class=\"eael-tab-title title-after-icon\" >A cosa serve<\/span>                                                    <\/li>\n                                            <li id=\"candidature\" class=\"inactive eael-tab-item-trigger eael-tab-nav-item\" aria-selected=\"false\" data-tab=\"4\" role=\"tab\" tabindex=\"-1\" aria-controls=\"candidature-tab\" aria-expanded=\"false\">\n                            \n                            \n                            \n                                                            <span class=\"eael-tab-title title-after-icon\" >Candidature<\/span>                                                    <\/li>\n                                    <\/ul>\n            <\/div>\n            \n            <div class=\"eael-tabs-content\">\n\t\t        \n                    <div id=\"cos-unimpresa-tab\" class=\"clearfix eael-tab-content-item inactive\" data-title-link=\"cos-unimpresa-tab\">\n\t\t\t\t        <p>Una iniziativa per sostenere la nascita e lo sviluppo di <strong>progetti imprenditoriali<\/strong> che sappiano valorizzare i risultati della didattica e della ricerca attraverso la formulazione di proposte innovative ad alto impatto economico, sociale e di sviluppo sostenibile.<\/p>                    <\/div>\n\t\t        \n                    <div id=\"a-chi-rivolto-tab\" class=\"clearfix eael-tab-content-item inactive\" data-title-link=\"a-chi-rivolto-tab\">\n\t\t\t\t        <ul><li>Studenti iscritti a un corso di laurea triennale o magistrale, o a un master di primo o secondo livello presso la UNINT. Possono, inoltre, partecipare coloro che abbiano conseguito, da meno di 5 anni dalla presentazione agli uffici dei documenti necessari all&#8217;istruttoria da parte della Commissione imprenditorialit\u00e0, uno dei seguenti titoli di studio: laurea triennale, laurea magistrale, master universitario d\u00ec primo o secondo livello presso l\u2019UNINT. In questo caso la proposta si configura come \u201cstart up\u201d.<\/li><li>Personale universitario: professori di ruolo, ricercatori a tempo indeterminato e a tempo determinato (a tempo pieno o definito), assegnisti di ricerca, dottorandi (o dottorati da meno di 5 anni), personale tecnico amministrativo, della UNINT. In questo caso la proposta si configura come \u201cspin off\u201d.<\/li><\/ul>                    <\/div>\n\t\t        \n                    <div id=\"a-cosa-serve-tab\" class=\"clearfix eael-tab-content-item inactive\" data-title-link=\"a-cosa-serve-tab\">\n\t\t\t\t        <p>Fornisce supporto a coloro che intendano migliorare il proprio <strong>spirito di iniziativa<\/strong> e <strong>imprenditorialit\u00e0<\/strong> attraverso l\u2019accompagnamento nelle fasi di ideazione e sviluppo di idee imprenditoriali ad alto valore economico e sociale per contribuire allo sviluppo sostenibile della societ\u00e0.<\/p>                    <\/div>\n\t\t        \n                    <div id=\"candidature-tab\" class=\"clearfix eael-tab-content-item inactive\" data-title-link=\"candidature-tab\">\n\t\t\t\t        <p>Le candidature per il bando 2025 sono aperte dal 20 ottobre al 31 dicembre 2025. Consultare la sezione Progetti per scaricare la documentazione. Il form per sottomettere la proprio idea \u00e8 disponibile al seguente <a href=\"https:\/\/zfrmz.com\/kbAmsfzvJQ8oUkxKqj4m\">link<\/a>.<\/p>                    <\/div>\n\t\t                    <\/div>\n        <\/div>\n\t\t\t\t<\/div>\n\t\t\t\t<\/div>\n\t\t\t\t\t<\/div>\n\t\t<\/div>\n\t\t\t\t\t<\/div>\n\t\t<\/section>\n\t\t\t\t\t<\/div>\n\t\t<\/div>\n\t\t\t\t\t<\/div>\n\t\t<\/section>\n\t\t\t\t<section class=\"elementor-section elementor-top-section elementor-element elementor-element-08dbb54 elementor-section-boxed elementor-section-height-default elementor-section-height-default\" data-id=\"08dbb54\" data-element_type=\"section\">\n\t\t\t\t\t\t<div class=\"elementor-container elementor-column-gap-no\">\n\t\t\t\t\t<div class=\"elementor-column elementor-col-100 elementor-top-column elementor-element elementor-element-54ed9f9\" data-id=\"54ed9f9\" data-element_type=\"column\">\n\t\t\t<div class=\"elementor-widget-wrap elementor-element-populated\">\n\t\t\t\t\t\t<section class=\"elementor-section elementor-inner-section elementor-element elementor-element-0609744 elementor-section-boxed elementor-section-height-default elementor-section-height-default elementor-invisible\" data-id=\"0609744\" data-element_type=\"section\" data-settings=\"{&quot;animation&quot;:&quot;fadeInUp&quot;}\">\n\t\t\t\t\t\t<div class=\"elementor-container elementor-column-gap-no\">\n\t\t\t\t\t<div class=\"elementor-column elementor-col-100 elementor-inner-column elementor-element elementor-element-bbdf533\" data-id=\"bbdf533\" data-element_type=\"column\">\n\t\t\t<div class=\"elementor-widget-wrap elementor-element-populated\">\n\t\t\t\t\t\t<div class=\"elementor-element elementor-element-1ec2074 elementor-widget elementor-widget-heading\" data-id=\"1ec2074\" data-element_type=\"widget\" data-widget_type=\"heading.default\">\n\t\t\t\t<div class=\"elementor-widget-container\">\n\t\t\t\t\t<h2 class=\"elementor-heading-title elementor-size-default\">Il contributo di UNINT<\/h2>\t\t\t\t<\/div>\n\t\t\t\t<\/div>\n\t\t\t\t\t<\/div>\n\t\t<\/div>\n\t\t\t\t\t<\/div>\n\t\t<\/section>\n\t\t\t\t<div class=\"elementor-element elementor-element-86961c7 elementor-widget elementor-widget-text-editor\" data-id=\"86961c7\" data-element_type=\"widget\" data-widget_type=\"text-editor.default\">\n\t\t\t\t<div class=\"elementor-widget-container\">\n\t\t\t\t\t\t\t\t\t<p>L\u2019Universit\u00e0 degli Studi Internazionali di Roma \u2013 UNINT sviluppa e promuove, tra le altre attivit\u00e0, l\u2019accompagnamento alla promozione della competenza \u201cspirito di iniziativa e imprenditorialit\u00e0\u201d (EntreComp) attraverso il sostegno alla creazione e allo sviluppo di idee imprenditoriali in team multidisciplinari. Le idee imprenditoriali selezionate saranno accompagnate in un percorso di incubazione e accelerazione per diventare realt\u00e0 innovative: start-up. Tali realt\u00e0 innovative sapranno valorizzare i risultati della ricerca al fine di offrire soluzioni innovative (servizi, prodotti, ecc.) che sappiano rispondere ai bisogni e alle sfide socio-economiche, culturali e ambientali contemporanee.<\/p><p>L\u2019iniziativa, pertanto, intende selezionare idee imprenditoriali \u2013 proposte da team imprenditoriali \u2013 che intendano valorizzare i risultati della ricerca e l\u2019impiego della conoscenza per contribuire allo sviluppo sociale, culturale ed economico attraverso la creazione di progetti di impresa. Le idee imprenditoriali che verranno selezionate potranno usufruire di alcuni servizi di accompagnamento e supporto (incubazione e accelerazione) al fine di poter sviluppare il progetto imprenditoriale proposto migliorando, al contempo, la propria competenza \u201csenso di iniziativa e imprenditorialit\u00e0\u201d (EntreComp).<\/p>\t\t\t\t\t\t\t\t<\/div>\n\t\t\t\t<\/div>\n\t\t\t\t\t<\/div>\n\t\t<\/div>\n\t\t\t\t\t<\/div>\n\t\t<\/section>\n\t\t\t\t<\/div>\n\t\t","protected":false},"excerpt":{"rendered":"<p>Start-up e spin-off 01 imprenditorialit\u00e0 02 proposte innovative UNIMPRESA 03 impatto economico e sociale 04 sviluppo sostenibile Cos&#8217;\u00e8 UNIMPRESA A chi \u00e8 rivolto A cosa serve Candidature Una iniziativa per sostenere la nascita e lo sviluppo di progetti imprenditoriali che sappiano valorizzare i risultati della didattica e della ricerca attraverso la formulazione di proposte innovative [&hellip;]<\/p>\n","protected":false},"author":3,"featured_media":0,"parent":0,"menu_order":0,"comment_status":"closed","ping_status":"closed","template":"elementor_header_footer","meta":{"footnotes":""},"class_list":["post-26","page","type-page","status-publish","hentry"],"_links":{"self":[{"href":"https:\/\/spinoff.unint.eu\/index.php\/wp-json\/wp\/v2\/pages\/26","targetHints":{"allow":["GET"]}}],"collection":[{"href":"https:\/\/spinoff.unint.eu\/index.php\/wp-json\/wp\/v2\/pages"}],"about":[{"href":"https:\/\/spinoff.unint.eu\/index.php\/wp-json\/wp\/v2\/types\/page"}],"author":[{"embeddable":true,"href":"https:\/\/spinoff.unint.eu\/index.php\/wp-json\/wp\/v2\/users\/3"}],"replies":[{"embeddable":true,"href":"https:\/\/spinoff.unint.eu\/index.php\/wp-json\/wp\/v2\/comments?post=26"}],"version-history":[{"count":49,"href":"https:\/\/spinoff.unint.eu\/index.php\/wp-json\/wp\/v2\/pages\/26\/revisions"}],"predecessor-version":[{"id":316,"href":"https:\/\/spinoff.unint.eu\/index.php\/wp-json\/wp\/v2\/pages\/26\/revisions\/316"}],"wp:attachment":[{"href":"https:\/\/spinoff.unint.eu\/index.php\/wp-json\/wp\/v2\/media?parent=26"}],"curies":[{"name":"wp","href":"https:\/\/api.w.org\/{rel}","templated":true}]}}